{"id":114,"date":"2025-11-10T11:55:02","date_gmt":"2025-11-10T11:55:02","guid":{"rendered":"https:\/\/orderportal-template.com\/?page_id=114"},"modified":"2025-12-01T12:34:16","modified_gmt":"2025-12-01T12:34:16","slug":"contact","status":"publish","type":"page","link":"https:\/\/orderportal-template.com\/fr\/contact\/","title":{"rendered":"Contact"},"content":{"rendered":"<section class=\"bde-section-114-118 bde-section\">\n  \n  \n\t\n\n\n\n<div class=\"section-container\"><h1 class=\"bde-dual-heading-114-119 bde-dual-heading\">\n\n\n            <span data-style=\"primary\" class=\"dual-heading--primary\">Prendre contact<\/span>\n\n\n\n<\/h1><\/div>\n<\/section><section class=\"bde-section-114-100 bde-section\">\n  \n  \n\t\n\n\n\n<div class=\"section-container\"><div class=\"bde-columns-114-101 bde-columns\"><div class=\"bde-column-114-102 bde-column\">\n  \n  \n\t\n\n\n\n<h2 class=\"bde-heading-114-122 bde-heading\">\nCoordonn\u00e9es de la personne \u00e0 contacter\n<\/h2><div class=\"bde-div-114-105 bde-div\">\n  \n  \n\t\n\n\n\n<a class=\"bde-container-link-114-109 bde-container-link breakdance-link\" href=\"tel:033 234 00 41\" target=\"_blank\" data-type=\"url\">\n  \n  \n\t\n\n\n\n<div class=\"bde-icon-114-110 bde-icon\">\n\n    \n            <div class=\"bde-icon-icon breakdance-icon-atom\" >\n    \n                    <svg xmlns=\"http:\/\/www.w3.org\/2000\/svg\" id=\"Layer_22\" viewbox=\"0 0 32 32\" data-name=\"Layer 22\"><path d=\"m24 2h-10c-2.21 0-4 1.79-4 4v5c0 .55.45 1 1 1s1-.45 1-1v-5c0-1.1.9-2 2-2v1c0 1.65 1.35 3 3 3h4c1.65 0 3-1.35 3-3v-1c1.1 0 2 .9 2 2v20c0 1.1-.9 2-2 2h-1c-.55 0-1 .45-1 1s.45 1 1 1h1c2.21 0 4-1.79 4-4v-20c0-2.21-1.79-4-4-4zm-2 3c0 .55-.45 1-1 1h-4c-.55 0-1-.45-1-1v-1h6z\"\/><path d=\"m18.41 22c-.78-.78-2.05-.78-2.83 0l-.59.59-3.59-3.59.59-.59c.78-.78.78-2.05 0-2.83l-2.59-2.59c-.78-.78-2.05-.78-2.83 0l-1.12 1.12c-.94.94-1.46 2.2-1.46 3.54v.69c0 1.34.52 2.59 1.46 3.54l6.66 6.66c.94.94 2.2 1.46 3.54 1.46h.69c1.34 0 2.59-.52 3.54-1.46l1.12-1.12c.78-.78.78-2.05 0-2.83zm.05 5.12c-.56.56-1.33.88-2.12.88h-.69c-.79 0-1.56-.32-2.12-.88l-6.66-6.66c-.56-.56-.88-1.33-.88-2.12v-.69c0-.79.32-1.56.88-2.12l1.12-1.12 2.59 2.59-1.29 1.29c-.39.39-.39 1.02 0 1.41l5 5c.39.39 1.02.39 1.41 0l1.29-1.29 2.59 2.59z\"\/><\/svg>\n        \n        \n        \n            <\/div>\n    \n\n\n<\/div><div class=\"bde-text-114-111 bde-text\">\n033 234 00 41\n<\/div>\n\n<\/a><a class=\"bde-container-link-114-112 bde-container-link breakdance-link\" href=\"mailto:support@leenweb.nl\" target=\"_blank\" data-type=\"url\">\n  \n  \n\t\n\n\n\n<div class=\"bde-icon-114-113 bde-icon\">\n\n    \n            <div class=\"bde-icon-icon breakdance-icon-atom\" >\n    \n                    <svg xmlns=\"http:\/\/www.w3.org\/2000\/svg\" id=\"outline\" viewbox=\"0 0 32 32\"><path d=\"m23.705 16c0-4.249-3.456-7.705-7.705-7.705s-7.705 3.457-7.705 7.705 3.456 7.705 7.705 7.705c2.376 0 4.61-1.111 6.058-2.951.552 1.278 1.716 2.215 3.216 2.449 1.742.271 3.812-.486 4.544-2.783.679-2.133.854-4.368.519-6.641-.93-6.313-6.225-11.434-12.59-12.177-4.154-.486-8.299.814-11.386 3.562-3.09 2.75-4.861 6.699-4.861 10.836 0 7.995 6.505 14.5 14.5 14.5.553 0 1-.448 1-1s-.447-1-1-1c-6.893 0-12.5-5.607-12.5-12.5 0-3.566 1.527-6.971 4.19-9.342 2.699-2.403 6.188-3.495 9.823-3.07 5.482.64 10.043 5.049 10.844 10.482.29 1.97.14 3.902-.446 5.743-.397 1.247-1.459 1.548-2.33 1.414-.866-.135-1.879-.781-1.878-2.155zm-2.762 2.849c-1.017 1.761-2.911 2.855-4.943 2.855-3.146 0-5.705-2.559-5.705-5.705s2.56-5.705 5.705-5.705 5.705 2.559 5.705 5.705c0 1.003-.264 1.988-.762 2.85z\"\/><\/svg>\n        \n        \n        \n            <\/div>\n    \n\n\n<\/div><div class=\"bde-text-114-114 bde-text\">\nsupport@leenweb.nl\n<\/div>\n\n<\/a>\n<\/div>\n<\/div><div class=\"bde-column-114-116 bde-column\">\n  \n  \n\t\n\n\n\n<div class=\"bde-form-builder-114-117 bde-form-builder\">\n\n<form id=\"contact-form117\" class=\"breakdance-form breakdance-form--vertical\" data-options=\"{&quot;slug&quot;:&quot;custom&quot;,&quot;name&quot;:&quot;Contact Form&quot;,&quot;ajaxUrl&quot;:&quot;https:\\\/\\\/orderportal-template.com\\\/wp-admin\\\/admin-ajax.php&quot;,&quot;clearOnSuccess&quot;:true,&quot;hideOnSuccess&quot;:false,&quot;successMessage&quot;:&quot;Je bericht is ontvangen en ontvangt vandaag een reactie. &quot;,&quot;errorMessage&quot;:&quot;Er is helaas iets misgegaan..&quot;,&quot;redirect&quot;:false,&quot;redirectUrl&quot;:&quot;&quot;,&quot;customJavaScript&quot;:&quot;&quot;,&quot;recaptcha&quot;:{&quot;key&quot;:&quot;&quot;,&quot;enabled&quot;:false},&quot;honeypot_enabled&quot;:false,&quot;popupsOnSuccess&quot;:[],&quot;popupsOnError&quot;:[]}\" data-steps=\"0\" action=\"\" >\n  \n  \n  \n<div class=\"breakdance-form-field breakdance-form-field--text\" >\n    \n    \n            <label class=\"breakdance-form-field__label\" for=\"Naam\">\n            Nom<span class=\"breakdance-form-field__required\">*<\/span>\n        <\/label>\n    \n    <input\n    class=\"breakdance-form-field__input\"\n    id=\"Naam\"\n    aria-describedby=\"Naam\"\n    type=\"text\"\n    name=\"fields[Naam]\"\n    placeholder=\"Nom\"\n    value=\"\"\n                \n        \n        \n    required\n>\n\n\n    \n    \n<\/div>\n\n\n<div class=\"breakdance-form-field breakdance-form-field--text\" >\n    \n    \n            <label class=\"breakdance-form-field__label\" for=\"bedrijfsnaam\">\n            Nom de l'entreprise<span class=\"breakdance-form-field__required\">*<\/span>\n        <\/label>\n    \n    <input\n    class=\"breakdance-form-field__input\"\n    id=\"bedrijfsnaam\"\n    aria-describedby=\"bedrijfsnaam\"\n    type=\"text\"\n    name=\"fields[bedrijfsnaam]\"\n    placeholder=\"Nom de l&#039;entreprise\"\n    value=\"\"\n                \n        \n        \n    required\n>\n\n\n    \n    \n<\/div>\n\n\n<div class=\"breakdance-form-field breakdance-form-field--email\" >\n    \n    \n            <label class=\"breakdance-form-field__label\" for=\"qpmtmt\">\n            Courriel<span class=\"breakdance-form-field__required\">*<\/span>\n        <\/label>\n    \n    <input\n    class=\"breakdance-form-field__input\"\n    id=\"qpmtmt\"\n    aria-describedby=\"qpmtmt\"\n    type=\"email\"\n    name=\"fields[qpmtmt]\"\n    placeholder=\"Courriel\"\n    value=\"\"\n                \n        \n        \n    required\n>\n\n\n    \n    \n<\/div>\n\n\n<div class=\"breakdance-form-field breakdance-form-field--tel\" >\n    \n    \n            <label class=\"breakdance-form-field__label\" for=\"aekzjs\">\n            Num\u00e9ro de t\u00e9l\u00e9phone\n        <\/label>\n    \n    <input\n    class=\"breakdance-form-field__input\"\n    id=\"aekzjs\"\n    aria-describedby=\"aekzjs\"\n    type=\"tel\"\n    name=\"fields[aekzjs]\"\n    placeholder=\"Num\u00e9ro de t\u00e9l\u00e9phone\"\n    value=\"\"\n                \n        \n        \n    \n    \n    \n    \n>\n\n\n    \n    \n<\/div>\n\n\n<div class=\"breakdance-form-field breakdance-form-field--url\" >\n    \n    \n            <label class=\"breakdance-form-field__label\" for=\"mtsmym\">\n            URL B2b\n        <\/label>\n    \n    <input\n    class=\"breakdance-form-field__input\"\n    id=\"mtsmym\"\n    aria-describedby=\"mtsmym\"\n    type=\"url\"\n    name=\"fields[mtsmym]\"\n    placeholder=\"URL B2b\"\n    value=\"\"\n                \n        \n        \n    \n    \n    \n    \n>\n\n\n    \n    \n<\/div>\n\n\n<div class=\"breakdance-form-field breakdance-form-field--textarea\" >\n    \n    \n            <label class=\"breakdance-form-field__label\" for=\"bericht\">\n            Message\n        <\/label>\n    \n    <textarea\n    class=\"breakdance-form-field__input\"\n    id=\"bericht\"\n    aria-describedby=\"bericht\"\n    type=\"textarea\"\n    name=\"fields[bericht]\"\n        rows=\"4\"\n        placeholder=\"Tapez votre message...\"\n    \n    >\n<\/textarea>\n\n\n    \n    \n<\/div>\n\n\n  \n\n<div class=\"breakdance-form-field breakdance-form-footer\">\n    \n    \n                                    \n    \n    \n    \n    \n            \n            <button type=\"submit\" class=\"button-atom button-atom--primary breakdance-form-button breakdance-form-button__submit\"  >\n    \n        <span class=\"button-atom__text\">Envoyer<\/span>\n\n        \n        \n            <\/button>\n    \n    <input type=\"hidden\" name=\"form_id\" value=\"117\">\n    <input type=\"hidden\" name=\"post_id\" value=\"114\">\n<\/div>\n\n  \n<input type=\"hidden\" name=\"trp-form-language\" value=\"fr\"\/><\/form>\n\n\n<\/div>\n<\/div><\/div><\/div>\n<\/section>","protected":false},"excerpt":{"rendered":"<p>Neem contact op Contactgegevens 033 234 00 41 support@leenweb.nl Naam* Bedrijfsnaam* Email* Telefoonnummer B2b URL Bericht Verstuur<\/p>","protected":false},"author":1,"featured_media":0,"parent":0,"menu_order":0,"comment_status":"closed","ping_status":"closed","template":"","meta":{"_acf_changed":false,"_breakdance_hide_in_design_set":false,"_breakdance_tags":"","footnotes":""},"class_list":["post-114","page","type-page","status-publish","hentry"],"acf":[],"_links":{"self":[{"href":"https:\/\/orderportal-template.com\/fr\/wp-json\/wp\/v2\/pages\/114","targetHints":{"allow":["GET"]}}],"collection":[{"href":"https:\/\/orderportal-template.com\/fr\/wp-json\/wp\/v2\/pages"}],"about":[{"href":"https:\/\/orderportal-template.com\/fr\/wp-json\/wp\/v2\/types\/page"}],"author":[{"embeddable":true,"href":"https:\/\/orderportal-template.com\/fr\/wp-json\/wp\/v2\/users\/1"}],"replies":[{"embeddable":true,"href":"https:\/\/orderportal-template.com\/fr\/wp-json\/wp\/v2\/comments?post=114"}],"version-history":[{"count":15,"href":"https:\/\/orderportal-template.com\/fr\/wp-json\/wp\/v2\/pages\/114\/revisions"}],"predecessor-version":[{"id":213,"href":"https:\/\/orderportal-template.com\/fr\/wp-json\/wp\/v2\/pages\/114\/revisions\/213"}],"wp:attachment":[{"href":"https:\/\/orderportal-template.com\/fr\/wp-json\/wp\/v2\/media?parent=114"}],"curies":[{"name":"wp","href":"https:\/\/api.w.org\/{rel}","templated":true}]}}